{"id":64,"date":"2011-02-11T16:17:57","date_gmt":"2011-02-11T15:17:57","guid":{"rendered":"http:\/\/zauggs.ch\/wp\/?page_id=64"},"modified":"2011-04-05T18:50:53","modified_gmt":"2011-04-05T17:50:53","slug":"witziges","status":"publish","type":"page","link":"https:\/\/afrika.zauggs.ch\/wp\/?page_id=64","title":{"rendered":"Witziges"},"content":{"rendered":"<h2>Joscha<\/h2>\n<p style=\"text-align: center;\"><a rel=\"attachment wp-att-440\" href=\"https:\/\/afrika.zauggs.ch\/wp\/?attachment_id=440\"><img loading=\"lazy\" class=\"aligncenter size-large wp-image-440\" title=\"L\u00f6wen F\u00fctterung\" src=\"https:\/\/afrika.zauggs.ch\/wp\/wp-content\/uploads\/2011\/02\/Alltag-in-der-Base-020-1024x769.jpg\" alt=\"L\u00f6wen F\u00fctterung\" width=\"590\" height=\"443\" srcset=\"https:\/\/afrika.zauggs.ch\/wp\/wp-content\/uploads\/2011\/02\/Alltag-in-der-Base-020-1024x769.jpg 1024w, https:\/\/afrika.zauggs.ch\/wp\/wp-content\/uploads\/2011\/02\/Alltag-in-der-Base-020-300x225.jpg 300w, https:\/\/afrika.zauggs.ch\/wp\/wp-content\/uploads\/2011\/02\/Alltag-in-der-Base-020.jpg 1266w\" sizes=\"(max-width: 590px) 100vw, 590px\" \/><\/a><\/p>\n<p style=\"text-align: center;\"><a rel=\"attachment wp-att-439\" href=\"https:\/\/afrika.zauggs.ch\/wp\/?attachment_id=439\"><\/a><a rel=\"attachment wp-att-442\" href=\"https:\/\/afrika.zauggs.ch\/wp\/?attachment_id=442\"><img loading=\"lazy\" class=\"aligncenter size-large wp-image-442\" title=\"Affenf\u00fctterung\" src=\"https:\/\/afrika.zauggs.ch\/wp\/wp-content\/uploads\/2011\/02\/Alltag-in-der-Base-0191-1024x833.jpg\" alt=\"Affenf\u00fctterung\" width=\"590\" height=\"479\" srcset=\"https:\/\/afrika.zauggs.ch\/wp\/wp-content\/uploads\/2011\/02\/Alltag-in-der-Base-0191-1024x833.jpg 1024w, https:\/\/afrika.zauggs.ch\/wp\/wp-content\/uploads\/2011\/02\/Alltag-in-der-Base-0191-300x244.jpg 300w, https:\/\/afrika.zauggs.ch\/wp\/wp-content\/uploads\/2011\/02\/Alltag-in-der-Base-0191.jpg 1087w\" sizes=\"(max-width: 590px) 100vw, 590px\" \/><\/a><\/p>\n<p style=\"text-align: center;\"><a rel=\"attachment wp-att-439\" href=\"https:\/\/afrika.zauggs.ch\/wp\/?attachment_id=439\"><\/a><a rel=\"attachment wp-att-442\" href=\"https:\/\/afrika.zauggs.ch\/wp\/?attachment_id=442\"><\/a><a rel=\"attachment wp-att-441\" href=\"https:\/\/afrika.zauggs.ch\/wp\/?attachment_id=441\"><img loading=\"lazy\" class=\"aligncenter size-large wp-image-441\" title=\"Camping in Afrika\" src=\"https:\/\/afrika.zauggs.ch\/wp\/wp-content\/uploads\/2011\/02\/Alltag-in-der-Base-021-1024x796.jpg\" alt=\"Camping in Afrika\" width=\"590\" height=\"458\" srcset=\"https:\/\/afrika.zauggs.ch\/wp\/wp-content\/uploads\/2011\/02\/Alltag-in-der-Base-021-1024x796.jpg 1024w, https:\/\/afrika.zauggs.ch\/wp\/wp-content\/uploads\/2011\/02\/Alltag-in-der-Base-021-300x233.jpg 300w, https:\/\/afrika.zauggs.ch\/wp\/wp-content\/uploads\/2011\/02\/Alltag-in-der-Base-021.jpg 1250w\" sizes=\"(max-width: 590px) 100vw, 590px\" \/><\/a><\/p>\n<ul>\n<li>Ein Tierparkw\u00e4chter sagt dem andern: ,, Es sind zwei junge L\u00f6wen geboren , jetzt kann ich sie endlich unterscheiden .\u201c Fragt der Andere : ,, Wie denn ?&#8220; Sagt der Erste : &#8222;Der Gelbe hat ein k\u00fcrzerer Schwanz als der Weisse&#8220; <a class=\"eaa\" href=\"http:\/\/movingfloor.se\/amazon-gekauftes-ebook-herunterladen\/\">amazon purchased ebook<\/a>.<\/li>\n<li>Ein Kind betet: lieber Gott, du kannst ja alles .Bitte mach Kapstadt zur Hauptstadt von Namibia , denn das habe ich heute in der Probe geschrieben <a class=\"eaa\" href=\"http:\/\/cordlessyard.com\/limbo-spiel-download-kostenlos\/\">limbo game download for free<\/a>.<\/li>\n<li>Die Lehrerin fragt Juan eine Frage . dieser antwortet :sie sind aber vergesslich ,gestern habt ihr mich das auch schon gefragt und ich habe es nicht gewusst  <a class=\"eaa\" href=\"https:\/\/telekatron.com\/2020\/06\/18\/gratis-musik-zum-downloaden\/\">free music to download<\/a>.<\/li>\n<li>Der Lehrer erz\u00e4hlt :W\u00f6rter, die mit der Vorsilbe Un beginnen ,dr\u00fccken  meist etwas Unangenehmes aus .Wer kann mir so etwas sagen? Juan antwortet : Unterricht <a class=\"eaa\" href=\"https:\/\/www.carlyseto.com\/?p=6472\">download the siedler 3 full version for free<\/a>.<\/li>\n<li>Intressiert fragt der Vater :Na ,wie war heute der Chemieunterricht ? der Junge antwortet :gar nicht so langweilig, wir haben gelernt wie man Sprengstoff herstellt  <a class=\"eaa\" href=\"https:\/\/www.sani-solutions.be\/gta-vice-city-kostenlos-downloaden-pc\/\">herunterladen<\/a>. Fragt der Vater :Und was habt ihr morgen in der Schule ? der Junge fragt : Welche Schule?<\/li>\n<li>Frau Lehrerin , kann man auch f\u00fcr etwas bestraft werden ,was man gar nicht gemacht hat  <a class=\"eaa\" href=\"http:\/\/1614148.linux.studentwebserver.co.uk\/index.php\/2020\/06\/23\/wo-kann-man-kostenlos-word-downloaden\/\">where you can download word for free<\/a>? Die Lehrerin antwortet :Nein das kann man nicht . Juan :gut , denn  ich habe die Hausaufgaben nicht gemacht.<\/li>\n<\/ul>\n<h2>Jamina<\/h2>\n<ul>\n<li>Die Frau fragt ihren Mann: Wie klappt\u2019s mit der Hy\u00e4nen-Falle <a class=\"eaa\" href=\"http:\/\/rasse-yorkshire.de\/kann-man-fortnite-kostenlos-herunterladen\/\">can beed fortnite for free<\/a>? Sagt der Mann: Super, vorhin haben sich gerade zwei Hy\u00e4nen vor der Falle zu Tode gelacht.<\/li>\n<li> Eine Ziege und eine Schnecke wollten beide mehr Lohn <a class=\"eaa\" href=\"https:\/\/davhi.highphotography.de\/test1\/?p=6301\">t-online.de app herunterladen<\/a>. Sie sprachen mit dem Chef. Nachdem Gespr\u00e4ch trafen sie sich wieder. Fragt die Schnecke: Und, hast Du mehr Lohn erhalten? Die Ziege antwortet: Nein leider nicht <a class=\"eaa\" href=\"http:\/\/sleep.shadowpuppet.net\/gratis-downloaden-sims-3\/\">herunterladen<\/a>! Und Du? Ja, weisst Du, mit schleimen kommt man weiter als mit Meckern.<\/li>\n<\/ul>\n<h2>Jelia<\/h2>\n<ul>\n<li>Ein Mann erh\u00e4lt folgende Einf\u00fchrung vom Chef eines Tierparks: Da unser Gorilla gestorben ist, brauchen wir unbedingt wieder einen Neuen <a class=\"eaa\" href=\"http:\/\/www.schoolcomputergeek.com\/index.php?p=6649\">lieder downloaden apple music<\/a>. Dieses Fell sollte Dir passen. Nachdem der Mann in seinem Gehege zur Freude aller Zuschauer sich immer toller in seiner Rolle als verkleideten Gorilla gibt, springt er eines Tages ausser Kontrolle vom Baum und landet im Nachbargehege des L\u00f6wen. Als er pl\u00f6tzlich den warmen Atem des L\u00f6wenrachens knapp \u00fcber sich sp\u00fcrt ger\u00e4t er in Panik und br\u00fcllt mit lauter Stimme: Hilfe, Hilfe,\u2026. kurzerhand h\u00f6rt er eine Stimme aus dem L\u00f6wenrachen: Halt Deinen Mund, sonst verlieren wir beide unseren Job.<\/li>\n<\/ul>\n","protected":false},"excerpt":{"rendered":"<p>Joscha Ein Tierparkw\u00e4chter sagt dem andern: ,, Es sind zwei junge L\u00f6wen geboren , jetzt kann ich sie endlich unterscheiden .\u201c Fragt der Andere : ,, Wie denn ?&#8220; Sagt der Erste : &#8222;Der Gelbe hat ein k\u00fcrzerer Schwanz als der Weisse&#8220; amazon purchased ebook. Ein Kind betet: lieber Gott, du kannst ja alles .Bitte [&hellip;]<\/p>\n","protected":false},"author":1,"featured_media":0,"parent":0,"menu_order":5,"comment_status":"open","ping_status":"closed","template":"","meta":[],"_links":{"self":[{"href":"https:\/\/afrika.zauggs.ch\/wp\/index.php?rest_route=\/wp\/v2\/pages\/64"}],"collection":[{"href":"https:\/\/afrika.zauggs.ch\/wp\/index.php?rest_route=\/wp\/v2\/pages"}],"about":[{"href":"https:\/\/afrika.zauggs.ch\/wp\/index.php?rest_route=\/wp\/v2\/types\/page"}],"author":[{"embeddable":true,"href":"https:\/\/afrika.zauggs.ch\/wp\/index.php?rest_route=\/wp\/v2\/users\/1"}],"replies":[{"embeddable":true,"href":"https:\/\/afrika.zauggs.ch\/wp\/index.php?rest_route=%2Fwp%2Fv2%2Fcomments&post=64"}],"version-history":[{"count":14,"href":"https:\/\/afrika.zauggs.ch\/wp\/index.php?rest_route=\/wp\/v2\/pages\/64\/revisions"}],"predecessor-version":[{"id":446,"href":"https:\/\/afrika.zauggs.ch\/wp\/index.php?rest_route=\/wp\/v2\/pages\/64\/revisions\/446"}],"wp:attachment":[{"href":"https:\/\/afrika.zauggs.ch\/wp\/index.php?rest_route=%2Fwp%2Fv2%2Fmedia&parent=64"}],"curies":[{"name":"wp","href":"https:\/\/api.w.org\/{rel}","templated":true}]}}